{"id":33,"date":"2023-07-21T12:29:03","date_gmt":"2023-07-21T10:29:03","guid":{"rendered":"http:\/\/fenyobowlingklub.hu\/?page_id=33"},"modified":"2026-05-04T08:50:59","modified_gmt":"2026-05-04T06:50:59","slug":"udvozoljuk-a-fenyo-bowling-klub-oldalan","status":"publish","type":"page","link":"https:\/\/fenyobowlingklub.hu\/","title":{"rendered":"\u00dcdv\u00f6z\u00f6lj\u00fck a Feny\u0151 Bowling Klub oldal\u00e1n!"},"content":{"rendered":"\n<figure class=\"wp-block-image size-full\"><img loading=\"lazy\" decoding=\"async\" width=\"595\" height=\"453\" src=\"https:\/\/fenyobowlingklub.hu\/wp-content\/uploads\/2025\/12\/BowlingLOGO8.jpg\" alt=\"\" class=\"wp-image-112\" srcset=\"https:\/\/fenyobowlingklub.hu\/wp-content\/uploads\/2025\/12\/BowlingLOGO8.jpg 595w, https:\/\/fenyobowlingklub.hu\/wp-content\/uploads\/2025\/12\/BowlingLOGO8-300x228.jpg 300w\" sizes=\"auto, (max-width: 595px) 100vw, 595px\" \/><\/figure>\n\n\n\n<p>SZERETETTEL V\u00c1RJA VEND\u00c9GEIT A FENY\u0150 BOWLING KLUB!<\/p>\n\n\n\n<p><\/p>\n\n\n\n<p><\/p>\n","protected":false},"excerpt":{"rendered":"<p>SZERETETTEL V\u00c1RJA VEND\u00c9GEIT A FENY\u0150 BOWLING KLUB!<\/p>\n","protected":false},"author":1,"featured_media":0,"parent":0,"menu_order":0,"comment_status":"closed","ping_status":"closed","template":"","meta":{"footnotes":""},"class_list":["post-33","page","type-page","status-publish","hentry"],"_links":{"self":[{"href":"https:\/\/fenyobowlingklub.hu\/index.php?rest_route=\/wp\/v2\/pages\/33","targetHints":{"allow":["GET"]}}],"collection":[{"href":"https:\/\/fenyobowlingklub.hu\/index.php?rest_route=\/wp\/v2\/pages"}],"about":[{"href":"https:\/\/fenyobowlingklub.hu\/index.php?rest_route=\/wp\/v2\/types\/page"}],"author":[{"embeddable":true,"href":"https:\/\/fenyobowlingklub.hu\/index.php?rest_route=\/wp\/v2\/users\/1"}],"replies":[{"embeddable":true,"href":"https:\/\/fenyobowlingklub.hu\/index.php?rest_route=%2Fwp%2Fv2%2Fcomments&post=33"}],"version-history":[{"count":28,"href":"https:\/\/fenyobowlingklub.hu\/index.php?rest_route=\/wp\/v2\/pages\/33\/revisions"}],"predecessor-version":[{"id":139,"href":"https:\/\/fenyobowlingklub.hu\/index.php?rest_route=\/wp\/v2\/pages\/33\/revisions\/139"}],"wp:attachment":[{"href":"https:\/\/fenyobowlingklub.hu\/index.php?rest_route=%2Fwp%2Fv2%2Fmedia&parent=33"}],"curies":[{"name":"wp","href":"https:\/\/api.w.org\/{rel}","templated":true}]}}